{"id":816,"date":"2021-06-02T17:28:05","date_gmt":"2021-06-02T17:28:05","guid":{"rendered":"https:\/\/dulceselsombreron.com\/nuevo\/?post_type=product&#038;p=816"},"modified":"2026-01-05T04:42:42","modified_gmt":"2026-01-05T04:42:42","slug":"cafe-con-leche-16u","status":"publish","type":"product","link":"https:\/\/dulceselsombreron.com\/nuevo\/tienda\/cafe-con-leche-16u\/","title":{"rendered":"Caf\u00e9 con leche"},"content":{"rendered":"<p>El regalo m\u00e1s rico que nos daban nuestros abuelitos al recibirnos en casa, la perfecta combinaci\u00f3n de caf\u00e9 con leche.<br \/>\nEmpaque con 16 unidades.<\/p>\n","protected":false},"excerpt":{"rendered":"<p>El regalo m\u00e1s rico que nos daban nuestros abuelitos al recibirnos en casa, la perfecta combinaci\u00f3n de caf\u00e9 con leche. Empaque con 16 unidades.<\/p>\n","protected":false},"featured_media":807,"template":"","meta":{"nf_dc_page":""},"product_brand":[],"product_cat":[40],"product_tag":[64,58],"class_list":{"0":"post-816","1":"product","2":"type-product","3":"status-publish","4":"has-post-thumbnail","6":"product_cat-dulces","7":"product_tag-cafe","8":"product_tag-leche","10":"first","11":"instock","12":"taxable","13":"shipping-taxable","14":"purchasable","15":"product-type-simple"},"jetpack_sharing_enabled":true,"_links":{"self":[{"href":"https:\/\/dulceselsombreron.com\/nuevo\/wp-json\/wp\/v2\/product\/816","targetHints":{"allow":["GET"]}}],"collection":[{"href":"https:\/\/dulceselsombreron.com\/nuevo\/wp-json\/wp\/v2\/product"}],"about":[{"href":"https:\/\/dulceselsombreron.com\/nuevo\/wp-json\/wp\/v2\/types\/product"}],"wp:featuredmedia":[{"embeddable":true,"href":"https:\/\/dulceselsombreron.com\/nuevo\/wp-json\/wp\/v2\/media\/807"}],"wp:attachment":[{"href":"https:\/\/dulceselsombreron.com\/nuevo\/wp-json\/wp\/v2\/media?parent=816"}],"wp:term":[{"taxonomy":"product_brand","embeddable":true,"href":"https:\/\/dulceselsombreron.com\/nuevo\/wp-json\/wp\/v2\/product_brand?post=816"},{"taxonomy":"product_cat","embeddable":true,"href":"https:\/\/dulceselsombreron.com\/nuevo\/wp-json\/wp\/v2\/product_cat?post=816"},{"taxonomy":"product_tag","embeddable":true,"href":"https:\/\/dulceselsombreron.com\/nuevo\/wp-json\/wp\/v2\/product_tag?post=816"}],"curies":[{"name":"wp","href":"https:\/\/api.w.org\/{rel}","templated":true}]}}