{"id":619,"date":"2020-10-25T00:10:45","date_gmt":"2020-10-25T00:10:45","guid":{"rendered":"https:\/\/dulceselsombreron.com\/nuevo\/?post_type=product&#038;p=619"},"modified":"2026-01-05T05:15:59","modified_gmt":"2026-01-05T05:15:59","slug":"el-antigueno-2","status":"publish","type":"product","link":"https:\/\/dulceselsombreron.com\/nuevo\/tienda\/el-antigueno-2\/","title":{"rendered":"El Antig\u00fce\u00f1o"},"content":{"rendered":"<p>De todo un poquito, como siempre podr\u00e1s encontrar los sabores m\u00e1s tradicionales pero tambi\u00e9n m\u00e1s de otras de nuestras variedades.<\/p>\n","protected":false},"excerpt":{"rendered":"<p>De todo un poquito, como siempre podr\u00e1s encontrar los sabores m\u00e1s tradicionales pero tambi\u00e9n m\u00e1s de otras de nuestras variedades.<\/p>\n","protected":false},"featured_media":610,"template":"","meta":{"nf_dc_page":""},"product_brand":[],"product_cat":[90],"product_tag":[],"class_list":{"0":"post-619","1":"product","2":"type-product","3":"status-publish","4":"has-post-thumbnail","6":"product_cat-especiales","8":"first","9":"instock","10":"taxable","11":"shipping-taxable","12":"purchasable","13":"product-type-simple"},"jetpack_sharing_enabled":true,"_links":{"self":[{"href":"https:\/\/dulceselsombreron.com\/nuevo\/wp-json\/wp\/v2\/product\/619","targetHints":{"allow":["GET"]}}],"collection":[{"href":"https:\/\/dulceselsombreron.com\/nuevo\/wp-json\/wp\/v2\/product"}],"about":[{"href":"https:\/\/dulceselsombreron.com\/nuevo\/wp-json\/wp\/v2\/types\/product"}],"wp:featuredmedia":[{"embeddable":true,"href":"https:\/\/dulceselsombreron.com\/nuevo\/wp-json\/wp\/v2\/media\/610"}],"wp:attachment":[{"href":"https:\/\/dulceselsombreron.com\/nuevo\/wp-json\/wp\/v2\/media?parent=619"}],"wp:term":[{"taxonomy":"product_brand","embeddable":true,"href":"https:\/\/dulceselsombreron.com\/nuevo\/wp-json\/wp\/v2\/product_brand?post=619"},{"taxonomy":"product_cat","embeddable":true,"href":"https:\/\/dulceselsombreron.com\/nuevo\/wp-json\/wp\/v2\/product_cat?post=619"},{"taxonomy":"product_tag","embeddable":true,"href":"https:\/\/dulceselsombreron.com\/nuevo\/wp-json\/wp\/v2\/product_tag?post=619"}],"curies":[{"name":"wp","href":"https:\/\/api.w.org\/{rel}","templated":true}]}}