{"id":591,"date":"2020-10-19T17:27:10","date_gmt":"2020-10-19T17:27:10","guid":{"rendered":"https:\/\/dulceselsombreron.com\/nuevo\/?post_type=product&#038;p=591"},"modified":"2026-01-05T05:18:41","modified_gmt":"2026-01-05T05:18:41","slug":"maleta-de-higos-5-unidades","status":"publish","type":"product","link":"https:\/\/dulceselsombreron.com\/nuevo\/tienda\/maleta-de-higos-5-unidades\/","title":{"rendered":"Maleta de Higos"},"content":{"rendered":"<p>Nuestros higos tradicionales ba\u00f1ados con una leve capa de az\u00facar.<br \/>\nPresentaci\u00f3n de 5 unidades.<\/p>\n","protected":false},"excerpt":{"rendered":"<p>Nuestros higos tradicionales ba\u00f1ados con una leve capa de az\u00facar. Presentaci\u00f3n de 5 unidades.<\/p>\n","protected":false},"featured_media":1763,"template":"","meta":{"nf_dc_page":""},"product_brand":[],"product_cat":[40],"product_tag":[],"class_list":{"0":"post-591","1":"product","2":"type-product","3":"status-publish","4":"has-post-thumbnail","6":"product_cat-dulces","8":"first","9":"instock","10":"taxable","11":"shipping-taxable","12":"purchasable","13":"product-type-simple"},"jetpack_sharing_enabled":true,"_links":{"self":[{"href":"https:\/\/dulceselsombreron.com\/nuevo\/wp-json\/wp\/v2\/product\/591","targetHints":{"allow":["GET"]}}],"collection":[{"href":"https:\/\/dulceselsombreron.com\/nuevo\/wp-json\/wp\/v2\/product"}],"about":[{"href":"https:\/\/dulceselsombreron.com\/nuevo\/wp-json\/wp\/v2\/types\/product"}],"wp:featuredmedia":[{"embeddable":true,"href":"https:\/\/dulceselsombreron.com\/nuevo\/wp-json\/wp\/v2\/media\/1763"}],"wp:attachment":[{"href":"https:\/\/dulceselsombreron.com\/nuevo\/wp-json\/wp\/v2\/media?parent=591"}],"wp:term":[{"taxonomy":"product_brand","embeddable":true,"href":"https:\/\/dulceselsombreron.com\/nuevo\/wp-json\/wp\/v2\/product_brand?post=591"},{"taxonomy":"product_cat","embeddable":true,"href":"https:\/\/dulceselsombreron.com\/nuevo\/wp-json\/wp\/v2\/product_cat?post=591"},{"taxonomy":"product_tag","embeddable":true,"href":"https:\/\/dulceselsombreron.com\/nuevo\/wp-json\/wp\/v2\/product_tag?post=591"}],"curies":[{"name":"wp","href":"https:\/\/api.w.org\/{rel}","templated":true}]}}