{"id":576,"date":"2020-10-16T22:17:46","date_gmt":"2020-10-16T22:17:46","guid":{"rendered":"https:\/\/dulceselsombreron.com\/nuevo\/?post_type=product&#038;p=576"},"modified":"2026-01-05T05:19:51","modified_gmt":"2026-01-05T05:19:51","slug":"garapinado","status":"publish","type":"product","link":"https:\/\/dulceselsombreron.com\/nuevo\/tienda\/garapinado\/","title":{"rendered":"Garapi\u00f1ado"},"content":{"rendered":"<p>Si te gusta el coco, esta opci\u00f3n es para ti. Disfruta del sabor de esta fruta con la combinaci\u00f3n ideal de az\u00facar.<\/p>\n","protected":false},"excerpt":{"rendered":"<p>Si te gusta el coco, esta opci\u00f3n es para ti. Disfruta del sabor de esta fruta con la combinaci\u00f3n ideal de az\u00facar.<\/p>\n","protected":false},"featured_media":1581,"template":"","meta":{"nf_dc_page":""},"product_brand":[],"product_cat":[40],"product_tag":[42],"class_list":{"0":"post-576","1":"product","2":"type-product","3":"status-publish","4":"has-post-thumbnail","6":"product_cat-dulces","7":"product_tag-coco","9":"first","10":"instock","11":"taxable","12":"shipping-taxable","13":"purchasable","14":"product-type-simple"},"jetpack_sharing_enabled":true,"_links":{"self":[{"href":"https:\/\/dulceselsombreron.com\/nuevo\/wp-json\/wp\/v2\/product\/576","targetHints":{"allow":["GET"]}}],"collection":[{"href":"https:\/\/dulceselsombreron.com\/nuevo\/wp-json\/wp\/v2\/product"}],"about":[{"href":"https:\/\/dulceselsombreron.com\/nuevo\/wp-json\/wp\/v2\/types\/product"}],"wp:featuredmedia":[{"embeddable":true,"href":"https:\/\/dulceselsombreron.com\/nuevo\/wp-json\/wp\/v2\/media\/1581"}],"wp:attachment":[{"href":"https:\/\/dulceselsombreron.com\/nuevo\/wp-json\/wp\/v2\/media?parent=576"}],"wp:term":[{"taxonomy":"product_brand","embeddable":true,"href":"https:\/\/dulceselsombreron.com\/nuevo\/wp-json\/wp\/v2\/product_brand?post=576"},{"taxonomy":"product_cat","embeddable":true,"href":"https:\/\/dulceselsombreron.com\/nuevo\/wp-json\/wp\/v2\/product_cat?post=576"},{"taxonomy":"product_tag","embeddable":true,"href":"https:\/\/dulceselsombreron.com\/nuevo\/wp-json\/wp\/v2\/product_tag?post=576"}],"curies":[{"name":"wp","href":"https:\/\/api.w.org\/{rel}","templated":true}]}}