{"id":563,"date":"2020-10-16T21:30:31","date_gmt":"2020-10-16T21:30:31","guid":{"rendered":"https:\/\/dulceselsombreron.com\/nuevo\/?post_type=product&#038;p=563"},"modified":"2026-03-19T21:10:33","modified_gmt":"2026-03-19T21:10:33","slug":"tamarindo","status":"publish","type":"product","link":"https:\/\/dulceselsombreron.com\/nuevo\/tienda\/tamarindo\/","title":{"rendered":"Tamarindo"},"content":{"rendered":"<p>Su sabor agridulce te har\u00e1 querer comer m\u00e1s. Nuestras bolitas de tamarindo son hechas de pura pulpa y un toque de az\u00facar.<\/p>\n","protected":false},"excerpt":{"rendered":"<p>Su sabor agridulce te har\u00e1 querer comer m\u00e1s. Nuestras bolitas de tamarindo son hechas de pura pulpa y un toque de az\u00facar.<\/p>\n","protected":false},"featured_media":1549,"template":"","meta":{"nf_dc_page":""},"product_brand":[],"product_cat":[40],"product_tag":[82],"class_list":{"0":"post-563","1":"product","2":"type-product","3":"status-publish","4":"has-post-thumbnail","6":"product_cat-dulces","7":"product_tag-tamarindo","9":"first","10":"instock","11":"taxable","12":"shipping-taxable","13":"purchasable","14":"product-type-simple"},"jetpack_sharing_enabled":true,"_links":{"self":[{"href":"https:\/\/dulceselsombreron.com\/nuevo\/wp-json\/wp\/v2\/product\/563","targetHints":{"allow":["GET"]}}],"collection":[{"href":"https:\/\/dulceselsombreron.com\/nuevo\/wp-json\/wp\/v2\/product"}],"about":[{"href":"https:\/\/dulceselsombreron.com\/nuevo\/wp-json\/wp\/v2\/types\/product"}],"wp:featuredmedia":[{"embeddable":true,"href":"https:\/\/dulceselsombreron.com\/nuevo\/wp-json\/wp\/v2\/media\/1549"}],"wp:attachment":[{"href":"https:\/\/dulceselsombreron.com\/nuevo\/wp-json\/wp\/v2\/media?parent=563"}],"wp:term":[{"taxonomy":"product_brand","embeddable":true,"href":"https:\/\/dulceselsombreron.com\/nuevo\/wp-json\/wp\/v2\/product_brand?post=563"},{"taxonomy":"product_cat","embeddable":true,"href":"https:\/\/dulceselsombreron.com\/nuevo\/wp-json\/wp\/v2\/product_cat?post=563"},{"taxonomy":"product_tag","embeddable":true,"href":"https:\/\/dulceselsombreron.com\/nuevo\/wp-json\/wp\/v2\/product_tag?post=563"}],"curies":[{"name":"wp","href":"https:\/\/api.w.org\/{rel}","templated":true}]}}