{"id":492,"date":"2020-10-02T18:11:07","date_gmt":"2020-10-02T18:11:07","guid":{"rendered":"https:\/\/dulceselsombreron.com\/nuevo\/?post_type=product&#038;p=492"},"modified":"2026-01-05T05:44:41","modified_gmt":"2026-01-05T05:44:41","slug":"colocho-de-pina-2","status":"publish","type":"product","link":"https:\/\/dulceselsombreron.com\/nuevo\/tienda\/colocho-de-pina-2\/","title":{"rendered":"Colocho de Pi\u00f1a"},"content":{"rendered":"<p>Segur\u00edsimos que te encantara nuestro colocho de pi\u00f1a, podr\u00e1s disfrutar de un sabor dulce pero a la vez un poquito \u00e1cido.<\/p>\n","protected":false},"excerpt":{"rendered":"<p>Segur\u00edsimos que te encantara nuestro colocho de pi\u00f1a, podr\u00e1s disfrutar de un sabor dulce pero a la vez un poquito \u00e1cido.<\/p>\n","protected":false},"featured_media":475,"template":"","meta":{"nf_dc_page":""},"product_brand":[],"product_cat":[40],"product_tag":[75,56],"class_list":{"0":"post-492","1":"product","2":"type-product","3":"status-publish","4":"has-post-thumbnail","6":"product_cat-dulces","7":"product_tag-colocho","8":"product_tag-pina","10":"first","11":"instock","12":"taxable","13":"shipping-taxable","14":"purchasable","15":"product-type-simple"},"jetpack_sharing_enabled":true,"_links":{"self":[{"href":"https:\/\/dulceselsombreron.com\/nuevo\/wp-json\/wp\/v2\/product\/492","targetHints":{"allow":["GET"]}}],"collection":[{"href":"https:\/\/dulceselsombreron.com\/nuevo\/wp-json\/wp\/v2\/product"}],"about":[{"href":"https:\/\/dulceselsombreron.com\/nuevo\/wp-json\/wp\/v2\/types\/product"}],"wp:featuredmedia":[{"embeddable":true,"href":"https:\/\/dulceselsombreron.com\/nuevo\/wp-json\/wp\/v2\/media\/475"}],"wp:attachment":[{"href":"https:\/\/dulceselsombreron.com\/nuevo\/wp-json\/wp\/v2\/media?parent=492"}],"wp:term":[{"taxonomy":"product_brand","embeddable":true,"href":"https:\/\/dulceselsombreron.com\/nuevo\/wp-json\/wp\/v2\/product_brand?post=492"},{"taxonomy":"product_cat","embeddable":true,"href":"https:\/\/dulceselsombreron.com\/nuevo\/wp-json\/wp\/v2\/product_cat?post=492"},{"taxonomy":"product_tag","embeddable":true,"href":"https:\/\/dulceselsombreron.com\/nuevo\/wp-json\/wp\/v2\/product_tag?post=492"}],"curies":[{"name":"wp","href":"https:\/\/api.w.org\/{rel}","templated":true}]}}