{"id":488,"date":"2020-10-02T16:49:40","date_gmt":"2020-10-02T16:49:40","guid":{"rendered":"https:\/\/dulceselsombreron.com\/nuevo\/?post_type=product&#038;p=488"},"modified":"2026-03-19T21:11:31","modified_gmt":"2026-03-19T21:11:31","slug":"manzanilla-en-tuza","status":"publish","type":"product","link":"https:\/\/dulceselsombreron.com\/nuevo\/tienda\/manzanilla-en-tuza\/","title":{"rendered":"Manzanillas"},"content":{"rendered":"<p>Las m\u00e1s esperadas del a\u00f1o y sin duda alguna no te las puedes perder. Ricas manzanillas hechas con un toque de az\u00facar.<\/p>\n","protected":false},"excerpt":{"rendered":"<p>Las m\u00e1s esperadas del a\u00f1o y sin duda alguna no te las puedes perder. Ricas manzanillas hechas con un toque de az\u00facar.<\/p>\n","protected":false},"featured_media":482,"template":"","meta":{"nf_dc_page":""},"product_brand":[],"product_cat":[40],"product_tag":[71,50],"class_list":{"0":"post-488","1":"product","2":"type-product","3":"status-publish","4":"has-post-thumbnail","6":"product_cat-dulces","7":"product_tag-manzanilla","8":"product_tag-miel","10":"first","11":"outofstock","12":"taxable","13":"shipping-taxable","14":"purchasable","15":"product-type-simple"},"jetpack_sharing_enabled":true,"_links":{"self":[{"href":"https:\/\/dulceselsombreron.com\/nuevo\/wp-json\/wp\/v2\/product\/488","targetHints":{"allow":["GET"]}}],"collection":[{"href":"https:\/\/dulceselsombreron.com\/nuevo\/wp-json\/wp\/v2\/product"}],"about":[{"href":"https:\/\/dulceselsombreron.com\/nuevo\/wp-json\/wp\/v2\/types\/product"}],"wp:featuredmedia":[{"embeddable":true,"href":"https:\/\/dulceselsombreron.com\/nuevo\/wp-json\/wp\/v2\/media\/482"}],"wp:attachment":[{"href":"https:\/\/dulceselsombreron.com\/nuevo\/wp-json\/wp\/v2\/media?parent=488"}],"wp:term":[{"taxonomy":"product_brand","embeddable":true,"href":"https:\/\/dulceselsombreron.com\/nuevo\/wp-json\/wp\/v2\/product_brand?post=488"},{"taxonomy":"product_cat","embeddable":true,"href":"https:\/\/dulceselsombreron.com\/nuevo\/wp-json\/wp\/v2\/product_cat?post=488"},{"taxonomy":"product_tag","embeddable":true,"href":"https:\/\/dulceselsombreron.com\/nuevo\/wp-json\/wp\/v2\/product_tag?post=488"}],"curies":[{"name":"wp","href":"https:\/\/api.w.org\/{rel}","templated":true}]}}