{"id":486,"date":"2020-10-02T16:43:34","date_gmt":"2020-10-02T16:43:34","guid":{"rendered":"https:\/\/dulceselsombreron.com\/nuevo\/?post_type=product&#038;p=486"},"modified":"2026-01-05T05:46:54","modified_gmt":"2026-01-05T05:46:54","slug":"cuadro-de-ajonjoli","status":"publish","type":"product","link":"https:\/\/dulceselsombreron.com\/nuevo\/tienda\/cuadro-de-ajonjoli\/","title":{"rendered":"Barra de Ajonjol\u00ed"},"content":{"rendered":"<p>El snack perfecto para tus tardes. Adem\u00e1s de tener m\u00faltiples aportes para tu cuerpo, el ajonjol\u00ed, al combinarlo con un poco de az\u00facar podr\u00e1s disfrutar de un sabor \u00fanico.<\/p>\n","protected":false},"excerpt":{"rendered":"<p>El snack perfecto para tus tardes. Adem\u00e1s de tener m\u00faltiples aportes para tu cuerpo, el ajonjol\u00ed, al combinarlo con un poco de az\u00facar podr\u00e1s disfrutar de un sabor \u00fanico.<\/p>\n","protected":false},"featured_media":1598,"template":"","meta":{"nf_dc_page":""},"product_brand":[],"product_cat":[40],"product_tag":[68],"class_list":{"0":"post-486","1":"product","2":"type-product","3":"status-publish","4":"has-post-thumbnail","6":"product_cat-dulces","7":"product_tag-ajonjoli","9":"first","10":"instock","11":"taxable","12":"shipping-taxable","13":"purchasable","14":"product-type-simple"},"jetpack_sharing_enabled":true,"_links":{"self":[{"href":"https:\/\/dulceselsombreron.com\/nuevo\/wp-json\/wp\/v2\/product\/486","targetHints":{"allow":["GET"]}}],"collection":[{"href":"https:\/\/dulceselsombreron.com\/nuevo\/wp-json\/wp\/v2\/product"}],"about":[{"href":"https:\/\/dulceselsombreron.com\/nuevo\/wp-json\/wp\/v2\/types\/product"}],"wp:featuredmedia":[{"embeddable":true,"href":"https:\/\/dulceselsombreron.com\/nuevo\/wp-json\/wp\/v2\/media\/1598"}],"wp:attachment":[{"href":"https:\/\/dulceselsombreron.com\/nuevo\/wp-json\/wp\/v2\/media?parent=486"}],"wp:term":[{"taxonomy":"product_brand","embeddable":true,"href":"https:\/\/dulceselsombreron.com\/nuevo\/wp-json\/wp\/v2\/product_brand?post=486"},{"taxonomy":"product_cat","embeddable":true,"href":"https:\/\/dulceselsombreron.com\/nuevo\/wp-json\/wp\/v2\/product_cat?post=486"},{"taxonomy":"product_tag","embeddable":true,"href":"https:\/\/dulceselsombreron.com\/nuevo\/wp-json\/wp\/v2\/product_tag?post=486"}],"curies":[{"name":"wp","href":"https:\/\/api.w.org\/{rel}","templated":true}]}}