{"id":395,"date":"2020-08-07T20:39:49","date_gmt":"2020-08-07T20:39:49","guid":{"rendered":"https:\/\/dulceselsombreron.com\/nuevo\/?product=naranja-en-miel"},"modified":"2026-01-05T06:00:06","modified_gmt":"2026-01-05T06:00:06","slug":"naranja-en-miel","status":"publish","type":"product","link":"https:\/\/dulceselsombreron.com\/nuevo\/tienda\/naranja-en-miel\/","title":{"rendered":"Naranja en Miel"},"content":{"rendered":"<p>Un sabor \u00fanico, podr\u00e1s sentir lo dulce de la miel hecha con az\u00facar pero con la combinaci\u00f3n del sabor amarguito de la naranja.<\/p>\n","protected":false},"excerpt":{"rendered":"<p>Un sabor \u00fanico, podr\u00e1s sentir lo dulce de la miel hecha con az\u00facar pero con la combinaci\u00f3n del sabor amarguito de la naranja.<\/p>\n","protected":false},"featured_media":1697,"template":"","meta":{"nf_dc_page":""},"product_brand":[],"product_cat":[40],"product_tag":[50,49],"class_list":{"0":"post-395","1":"product","2":"type-product","3":"status-publish","4":"has-post-thumbnail","6":"product_cat-dulces","7":"product_tag-miel","8":"product_tag-naranjas","10":"first","11":"instock","12":"taxable","13":"shipping-taxable","14":"purchasable","15":"product-type-simple"},"jetpack_sharing_enabled":true,"_links":{"self":[{"href":"https:\/\/dulceselsombreron.com\/nuevo\/wp-json\/wp\/v2\/product\/395","targetHints":{"allow":["GET"]}}],"collection":[{"href":"https:\/\/dulceselsombreron.com\/nuevo\/wp-json\/wp\/v2\/product"}],"about":[{"href":"https:\/\/dulceselsombreron.com\/nuevo\/wp-json\/wp\/v2\/types\/product"}],"wp:featuredmedia":[{"embeddable":true,"href":"https:\/\/dulceselsombreron.com\/nuevo\/wp-json\/wp\/v2\/media\/1697"}],"wp:attachment":[{"href":"https:\/\/dulceselsombreron.com\/nuevo\/wp-json\/wp\/v2\/media?parent=395"}],"wp:term":[{"taxonomy":"product_brand","embeddable":true,"href":"https:\/\/dulceselsombreron.com\/nuevo\/wp-json\/wp\/v2\/product_brand?post=395"},{"taxonomy":"product_cat","embeddable":true,"href":"https:\/\/dulceselsombreron.com\/nuevo\/wp-json\/wp\/v2\/product_cat?post=395"},{"taxonomy":"product_tag","embeddable":true,"href":"https:\/\/dulceselsombreron.com\/nuevo\/wp-json\/wp\/v2\/product_tag?post=395"}],"curies":[{"name":"wp","href":"https:\/\/api.w.org\/{rel}","templated":true}]}}