{"id":391,"date":"2020-08-07T20:39:48","date_gmt":"2020-08-07T20:39:48","guid":{"rendered":"https:\/\/dulceselsombreron.com\/nuevo\/?product=nuegados"},"modified":"2026-01-05T06:02:34","modified_gmt":"2026-01-05T06:02:34","slug":"nuegados","status":"publish","type":"product","link":"https:\/\/dulceselsombreron.com\/nuevo\/tienda\/nuegados\/","title":{"rendered":"Nuegados"},"content":{"rendered":"<p>Nu\u00e9gados: \u00a1los preferidos! Perfectos para compartir en familia, hechos a base de harina, huevo y az\u00facar con un ligero ba\u00f1o de az\u00facar.<\/p>\n","protected":false},"excerpt":{"rendered":"<p>Nu\u00e9gados: \u00a1los preferidos! Perfectos para compartir en familia, hechos a base de harina, huevo y az\u00facar con un ligero ba\u00f1o de az\u00facar.<\/p>\n","protected":false},"featured_media":423,"template":"","meta":{"nf_dc_page":""},"product_brand":[],"product_cat":[40],"product_tag":[57],"class_list":{"0":"post-391","1":"product","2":"type-product","3":"status-publish","4":"has-post-thumbnail","6":"product_cat-dulces","7":"product_tag-nuegados","9":"first","10":"instock","11":"taxable","12":"shipping-taxable","13":"purchasable","14":"product-type-simple"},"jetpack_sharing_enabled":true,"_links":{"self":[{"href":"https:\/\/dulceselsombreron.com\/nuevo\/wp-json\/wp\/v2\/product\/391","targetHints":{"allow":["GET"]}}],"collection":[{"href":"https:\/\/dulceselsombreron.com\/nuevo\/wp-json\/wp\/v2\/product"}],"about":[{"href":"https:\/\/dulceselsombreron.com\/nuevo\/wp-json\/wp\/v2\/types\/product"}],"wp:featuredmedia":[{"embeddable":true,"href":"https:\/\/dulceselsombreron.com\/nuevo\/wp-json\/wp\/v2\/media\/423"}],"wp:attachment":[{"href":"https:\/\/dulceselsombreron.com\/nuevo\/wp-json\/wp\/v2\/media?parent=391"}],"wp:term":[{"taxonomy":"product_brand","embeddable":true,"href":"https:\/\/dulceselsombreron.com\/nuevo\/wp-json\/wp\/v2\/product_brand?post=391"},{"taxonomy":"product_cat","embeddable":true,"href":"https:\/\/dulceselsombreron.com\/nuevo\/wp-json\/wp\/v2\/product_cat?post=391"},{"taxonomy":"product_tag","embeddable":true,"href":"https:\/\/dulceselsombreron.com\/nuevo\/wp-json\/wp\/v2\/product_tag?post=391"}],"curies":[{"name":"wp","href":"https:\/\/api.w.org\/{rel}","templated":true}]}}