{"id":382,"date":"2020-08-07T20:39:46","date_gmt":"2020-08-07T20:39:46","guid":{"rendered":"https:\/\/dulceselsombreron.com\/nuevo\/?product=cocada-real"},"modified":"2026-01-05T06:05:16","modified_gmt":"2026-01-05T06:05:16","slug":"cocada-real","status":"publish","type":"product","link":"https:\/\/dulceselsombreron.com\/nuevo\/tienda\/cocada-real\/","title":{"rendered":"Cocada Real"},"content":{"rendered":"<p>Definitivamente tienes que probarla, cuando pruebas una vez esto podr\u00e1s sentir lo suavecito del coco con un sabor \u00fanico de leche condensada, lo dulce del az\u00facar y el toque de canela.<\/p>\n","protected":false},"excerpt":{"rendered":"<p>Definitivamente tienes que probarla, cuando pruebas una vez esto podr\u00e1s sentir lo suavecito del coco con un sabor \u00fanico de leche condensada, lo dulce del az\u00facar y el toque de canela.<\/p>\n","protected":false},"featured_media":1604,"template":"","meta":{"nf_dc_page":""},"product_brand":[],"product_cat":[40],"product_tag":[42,58],"class_list":{"0":"post-382","1":"product","2":"type-product","3":"status-publish","4":"has-post-thumbnail","6":"product_cat-dulces","7":"product_tag-coco","8":"product_tag-leche","10":"first","11":"instock","12":"taxable","13":"shipping-taxable","14":"purchasable","15":"product-type-simple"},"jetpack_sharing_enabled":true,"_links":{"self":[{"href":"https:\/\/dulceselsombreron.com\/nuevo\/wp-json\/wp\/v2\/product\/382","targetHints":{"allow":["GET"]}}],"collection":[{"href":"https:\/\/dulceselsombreron.com\/nuevo\/wp-json\/wp\/v2\/product"}],"about":[{"href":"https:\/\/dulceselsombreron.com\/nuevo\/wp-json\/wp\/v2\/types\/product"}],"wp:featuredmedia":[{"embeddable":true,"href":"https:\/\/dulceselsombreron.com\/nuevo\/wp-json\/wp\/v2\/media\/1604"}],"wp:attachment":[{"href":"https:\/\/dulceselsombreron.com\/nuevo\/wp-json\/wp\/v2\/media?parent=382"}],"wp:term":[{"taxonomy":"product_brand","embeddable":true,"href":"https:\/\/dulceselsombreron.com\/nuevo\/wp-json\/wp\/v2\/product_brand?post=382"},{"taxonomy":"product_cat","embeddable":true,"href":"https:\/\/dulceselsombreron.com\/nuevo\/wp-json\/wp\/v2\/product_cat?post=382"},{"taxonomy":"product_tag","embeddable":true,"href":"https:\/\/dulceselsombreron.com\/nuevo\/wp-json\/wp\/v2\/product_tag?post=382"}],"curies":[{"name":"wp","href":"https:\/\/api.w.org\/{rel}","templated":true}]}}