{"id":380,"date":"2020-08-07T20:39:46","date_gmt":"2020-08-07T20:39:46","guid":{"rendered":"https:\/\/dulceselsombreron.com\/nuevo\/?product=cajeta-mazapn"},"modified":"2026-01-05T06:04:17","modified_gmt":"2026-01-05T06:04:17","slug":"cajeta-mazapn","status":"publish","type":"product","link":"https:\/\/dulceselsombreron.com\/nuevo\/tienda\/cajeta-mazapn\/","title":{"rendered":"Cajeta Mazap\u00e1n"},"content":{"rendered":"<p>La suavidad de este dulce es inexplicable. Podr\u00e1s disfrutar de un dulce hecho a base de semillas de pepitoria, az\u00facar y leche.<\/p>\n","protected":false},"excerpt":{"rendered":"<p>La suavidad de este dulce es inexplicable. Podr\u00e1s disfrutar de un dulce hecho a base de semillas de pepitoria, az\u00facar y leche.<\/p>\n","protected":false},"featured_media":1664,"template":"","meta":{"nf_dc_page":""},"product_brand":[],"product_cat":[40],"product_tag":[43],"class_list":{"0":"post-380","1":"product","2":"type-product","3":"status-publish","4":"has-post-thumbnail","6":"product_cat-dulces","7":"product_tag-mazapan","9":"first","10":"instock","11":"taxable","12":"shipping-taxable","13":"purchasable","14":"product-type-simple"},"jetpack_sharing_enabled":true,"_links":{"self":[{"href":"https:\/\/dulceselsombreron.com\/nuevo\/wp-json\/wp\/v2\/product\/380","targetHints":{"allow":["GET"]}}],"collection":[{"href":"https:\/\/dulceselsombreron.com\/nuevo\/wp-json\/wp\/v2\/product"}],"about":[{"href":"https:\/\/dulceselsombreron.com\/nuevo\/wp-json\/wp\/v2\/types\/product"}],"wp:featuredmedia":[{"embeddable":true,"href":"https:\/\/dulceselsombreron.com\/nuevo\/wp-json\/wp\/v2\/media\/1664"}],"wp:attachment":[{"href":"https:\/\/dulceselsombreron.com\/nuevo\/wp-json\/wp\/v2\/media?parent=380"}],"wp:term":[{"taxonomy":"product_brand","embeddable":true,"href":"https:\/\/dulceselsombreron.com\/nuevo\/wp-json\/wp\/v2\/product_brand?post=380"},{"taxonomy":"product_cat","embeddable":true,"href":"https:\/\/dulceselsombreron.com\/nuevo\/wp-json\/wp\/v2\/product_cat?post=380"},{"taxonomy":"product_tag","embeddable":true,"href":"https:\/\/dulceselsombreron.com\/nuevo\/wp-json\/wp\/v2\/product_tag?post=380"}],"curies":[{"name":"wp","href":"https:\/\/api.w.org\/{rel}","templated":true}]}}