{"id":378,"date":"2020-08-07T20:39:45","date_gmt":"2020-08-07T20:39:45","guid":{"rendered":"https:\/\/dulceselsombreron.com\/nuevo\/?product=cocada-blanca"},"modified":"2026-01-05T06:37:06","modified_gmt":"2026-01-05T06:37:06","slug":"cocada-blanca","status":"publish","type":"product","link":"https:\/\/dulceselsombreron.com\/nuevo\/tienda\/cocada-blanca\/","title":{"rendered":"Cocada Blanca"},"content":{"rendered":"<p>De hecho, son muy famosas ac\u00e1 en Guatemala y es que el principal ingrediente es el coco. Al probar este dulce te dar\u00e1s cuenta que \u00fanicamente podr\u00e1s sentir el sabor tan especial del coco con az\u00facar.<\/p>\n","protected":false},"excerpt":{"rendered":"<p>De hecho, son muy famosas ac\u00e1 en Guatemala y es que el principal ingrediente es el coco. Al probar este dulce te dar\u00e1s cuenta que \u00fanicamente podr\u00e1s sentir el sabor tan especial del coco con az\u00facar.<\/p>\n","protected":false},"featured_media":1580,"template":"","meta":{"nf_dc_page":""},"product_brand":[],"product_cat":[40],"product_tag":[58],"class_list":{"0":"post-378","1":"product","2":"type-product","3":"status-publish","4":"has-post-thumbnail","6":"product_cat-dulces","7":"product_tag-leche","9":"first","10":"instock","11":"taxable","12":"shipping-taxable","13":"purchasable","14":"product-type-simple"},"jetpack_sharing_enabled":true,"_links":{"self":[{"href":"https:\/\/dulceselsombreron.com\/nuevo\/wp-json\/wp\/v2\/product\/378","targetHints":{"allow":["GET"]}}],"collection":[{"href":"https:\/\/dulceselsombreron.com\/nuevo\/wp-json\/wp\/v2\/product"}],"about":[{"href":"https:\/\/dulceselsombreron.com\/nuevo\/wp-json\/wp\/v2\/types\/product"}],"wp:featuredmedia":[{"embeddable":true,"href":"https:\/\/dulceselsombreron.com\/nuevo\/wp-json\/wp\/v2\/media\/1580"}],"wp:attachment":[{"href":"https:\/\/dulceselsombreron.com\/nuevo\/wp-json\/wp\/v2\/media?parent=378"}],"wp:term":[{"taxonomy":"product_brand","embeddable":true,"href":"https:\/\/dulceselsombreron.com\/nuevo\/wp-json\/wp\/v2\/product_brand?post=378"},{"taxonomy":"product_cat","embeddable":true,"href":"https:\/\/dulceselsombreron.com\/nuevo\/wp-json\/wp\/v2\/product_cat?post=378"},{"taxonomy":"product_tag","embeddable":true,"href":"https:\/\/dulceselsombreron.com\/nuevo\/wp-json\/wp\/v2\/product_tag?post=378"}],"curies":[{"name":"wp","href":"https:\/\/api.w.org\/{rel}","templated":true}]}}