{"id":376,"date":"2020-08-07T20:39:45","date_gmt":"2020-08-07T20:39:45","guid":{"rendered":"https:\/\/dulceselsombreron.com\/nuevo\/?product=caf-con-leche"},"modified":"2026-01-05T06:36:02","modified_gmt":"2026-01-05T06:36:02","slug":"caf-con-leche","status":"publish","type":"product","link":"https:\/\/dulceselsombreron.com\/nuevo\/tienda\/caf-con-leche\/","title":{"rendered":"Caf\u00e9 con Leche"},"content":{"rendered":"<p>Si eres aficionad@ del caf\u00e9 no puedes dejar de probarlos. Encontramos la combinaci\u00f3n perfecta entre el caf\u00e9, leche y az\u00facar.<\/p>\n","protected":false},"excerpt":{"rendered":"<p>Si eres aficionad@ del caf\u00e9 no puedes dejar de probarlos. Encontramos la combinaci\u00f3n perfecta entre el caf\u00e9, leche y az\u00facar.<\/p>\n","protected":false},"featured_media":1569,"template":"","meta":{"nf_dc_page":""},"product_brand":[],"product_cat":[40],"product_tag":[64,58],"class_list":{"0":"post-376","1":"product","2":"type-product","3":"status-publish","4":"has-post-thumbnail","6":"product_cat-dulces","7":"product_tag-cafe","8":"product_tag-leche","10":"first","11":"instock","12":"taxable","13":"shipping-taxable","14":"purchasable","15":"product-type-simple"},"jetpack_sharing_enabled":true,"_links":{"self":[{"href":"https:\/\/dulceselsombreron.com\/nuevo\/wp-json\/wp\/v2\/product\/376","targetHints":{"allow":["GET"]}}],"collection":[{"href":"https:\/\/dulceselsombreron.com\/nuevo\/wp-json\/wp\/v2\/product"}],"about":[{"href":"https:\/\/dulceselsombreron.com\/nuevo\/wp-json\/wp\/v2\/types\/product"}],"wp:featuredmedia":[{"embeddable":true,"href":"https:\/\/dulceselsombreron.com\/nuevo\/wp-json\/wp\/v2\/media\/1569"}],"wp:attachment":[{"href":"https:\/\/dulceselsombreron.com\/nuevo\/wp-json\/wp\/v2\/media?parent=376"}],"wp:term":[{"taxonomy":"product_brand","embeddable":true,"href":"https:\/\/dulceselsombreron.com\/nuevo\/wp-json\/wp\/v2\/product_brand?post=376"},{"taxonomy":"product_cat","embeddable":true,"href":"https:\/\/dulceselsombreron.com\/nuevo\/wp-json\/wp\/v2\/product_cat?post=376"},{"taxonomy":"product_tag","embeddable":true,"href":"https:\/\/dulceselsombreron.com\/nuevo\/wp-json\/wp\/v2\/product_tag?post=376"}],"curies":[{"name":"wp","href":"https:\/\/api.w.org\/{rel}","templated":true}]}}