{"id":374,"date":"2020-08-07T20:39:44","date_gmt":"2020-08-07T20:39:44","guid":{"rendered":"https:\/\/dulceselsombreron.com\/nuevo\/?product=canillitas-de-leche"},"modified":"2026-01-05T06:37:30","modified_gmt":"2026-01-05T06:37:30","slug":"canillitas-de-leche","status":"publish","type":"product","link":"https:\/\/dulceselsombreron.com\/nuevo\/tienda\/canillitas-de-leche\/","title":{"rendered":"Canillitas de Leche"},"content":{"rendered":"<p>La famosa \u201ccanillita de leche\u201d es la combinaci\u00f3n perfecta de leche y az\u00facar con un toque de canela, que hace que tenga un sabor \u00fanico y especial.<\/p>\n","protected":false},"excerpt":{"rendered":"<p>La famosa \u201ccanillita de leche\u201d es la combinaci\u00f3n perfecta de leche y az\u00facar con un toque de canela, que hace que tenga un sabor \u00fanico y especial.<\/p>\n","protected":false},"featured_media":1658,"template":"","meta":{"nf_dc_page":""},"product_brand":[],"product_cat":[40,91],"product_tag":[58],"class_list":{"0":"post-374","1":"product","2":"type-product","3":"status-publish","4":"has-post-thumbnail","6":"product_cat-dulces","7":"product_cat-promo","8":"product_tag-leche","10":"first","11":"instock","12":"taxable","13":"shipping-taxable","14":"purchasable","15":"product-type-simple"},"jetpack_sharing_enabled":true,"_links":{"self":[{"href":"https:\/\/dulceselsombreron.com\/nuevo\/wp-json\/wp\/v2\/product\/374","targetHints":{"allow":["GET"]}}],"collection":[{"href":"https:\/\/dulceselsombreron.com\/nuevo\/wp-json\/wp\/v2\/product"}],"about":[{"href":"https:\/\/dulceselsombreron.com\/nuevo\/wp-json\/wp\/v2\/types\/product"}],"wp:featuredmedia":[{"embeddable":true,"href":"https:\/\/dulceselsombreron.com\/nuevo\/wp-json\/wp\/v2\/media\/1658"}],"wp:attachment":[{"href":"https:\/\/dulceselsombreron.com\/nuevo\/wp-json\/wp\/v2\/media?parent=374"}],"wp:term":[{"taxonomy":"product_brand","embeddable":true,"href":"https:\/\/dulceselsombreron.com\/nuevo\/wp-json\/wp\/v2\/product_brand?post=374"},{"taxonomy":"product_cat","embeddable":true,"href":"https:\/\/dulceselsombreron.com\/nuevo\/wp-json\/wp\/v2\/product_cat?post=374"},{"taxonomy":"product_tag","embeddable":true,"href":"https:\/\/dulceselsombreron.com\/nuevo\/wp-json\/wp\/v2\/product_tag?post=374"}],"curies":[{"name":"wp","href":"https:\/\/api.w.org\/{rel}","templated":true}]}}