{"id":2586,"date":"2025-08-31T22:46:40","date_gmt":"2025-08-31T22:46:40","guid":{"rendered":"https:\/\/dulceselsombreron.com\/nuevo\/?post_type=product&#038;p=2586"},"modified":"2026-03-19T20:23:32","modified_gmt":"2026-03-19T20:23:32","slug":"baile-de-los-gigantes","status":"publish","type":"product","link":"https:\/\/dulceselsombreron.com\/nuevo\/tienda\/baile-de-los-gigantes\/","title":{"rendered":"BAILE DE LOS GIGANTES"},"content":{"rendered":"<p>Cajita surtida con: tamarindo, guayaba, coco, dulce de leche, zapote con leche, caf\u00e9 con leche, mazap\u00e1n almendra, pepitoria, pi\u00f1a, mazap\u00e1n pepitoria, dulce de leche con canela. La combinaci\u00f3n perfecta de los dulces m\u00e1s tradicionales.<\/p>\n","protected":false},"excerpt":{"rendered":"<p>Cajita surtida con: tamarindo, guayaba, coco, dulce de leche, zapote con leche, caf\u00e9 con leche, mazap\u00e1n almendra, pepitoria, pi\u00f1a, mazap\u00e1n pepitoria, dulce de leche con canela. La combinaci\u00f3n perfecta de los dulces m\u00e1s tradicionales.<\/p>\n","protected":false},"featured_media":2571,"template":"","meta":{"nf_dc_page":""},"product_brand":[],"product_cat":[90],"product_tag":[110],"class_list":{"0":"post-2586","1":"product","2":"type-product","3":"status-publish","4":"has-post-thumbnail","6":"product_cat-especiales","7":"product_tag-gigantes","9":"first","10":"instock","11":"taxable","12":"shipping-taxable","13":"purchasable","14":"product-type-simple"},"jetpack_sharing_enabled":true,"_links":{"self":[{"href":"https:\/\/dulceselsombreron.com\/nuevo\/wp-json\/wp\/v2\/product\/2586","targetHints":{"allow":["GET"]}}],"collection":[{"href":"https:\/\/dulceselsombreron.com\/nuevo\/wp-json\/wp\/v2\/product"}],"about":[{"href":"https:\/\/dulceselsombreron.com\/nuevo\/wp-json\/wp\/v2\/types\/product"}],"wp:featuredmedia":[{"embeddable":true,"href":"https:\/\/dulceselsombreron.com\/nuevo\/wp-json\/wp\/v2\/media\/2571"}],"wp:attachment":[{"href":"https:\/\/dulceselsombreron.com\/nuevo\/wp-json\/wp\/v2\/media?parent=2586"}],"wp:term":[{"taxonomy":"product_brand","embeddable":true,"href":"https:\/\/dulceselsombreron.com\/nuevo\/wp-json\/wp\/v2\/product_brand?post=2586"},{"taxonomy":"product_cat","embeddable":true,"href":"https:\/\/dulceselsombreron.com\/nuevo\/wp-json\/wp\/v2\/product_cat?post=2586"},{"taxonomy":"product_tag","embeddable":true,"href":"https:\/\/dulceselsombreron.com\/nuevo\/wp-json\/wp\/v2\/product_tag?post=2586"}],"curies":[{"name":"wp","href":"https:\/\/api.w.org\/{rel}","templated":true}]}}