{"id":2109,"date":"2024-06-12T19:03:59","date_gmt":"2024-06-12T19:03:59","guid":{"rendered":"https:\/\/dulceselsombreron.com\/nuevo\/?post_type=product&#038;p=2109"},"modified":"2026-01-05T04:38:10","modified_gmt":"2026-01-05T04:38:10","slug":"cofre-dulce-chapin","status":"publish","type":"product","link":"https:\/\/dulceselsombreron.com\/nuevo\/tienda\/cofre-dulce-chapin\/","title":{"rendered":"Cofre Encantos del Sombrer\u00f3n"},"content":{"rendered":"","protected":false},"excerpt":{"rendered":"<p>Hermoso cofre de madera artesanal contiene una exquisita selecci\u00f3n de dulces t\u00edpicos guatemaltecos (dulces de leche, higo, espumilla, mazapanes, naranjita, caf\u00e9 con leche, colocho guayaba, tamarindo, dulces de coco) . Ideal para regalar o para disfrutar en familia, este cofre es una celebraci\u00f3n de la rica herencia culinaria de Guatemala.<\/p>\n","protected":false},"featured_media":2108,"template":"","meta":{"nf_dc_page":""},"product_brand":[],"product_cat":[90],"product_tag":[],"class_list":{"0":"post-2109","1":"product","2":"type-product","3":"status-publish","4":"has-post-thumbnail","6":"product_cat-especiales","8":"first","9":"instock","10":"taxable","11":"shipping-taxable","12":"purchasable","13":"product-type-simple"},"jetpack_sharing_enabled":true,"_links":{"self":[{"href":"https:\/\/dulceselsombreron.com\/nuevo\/wp-json\/wp\/v2\/product\/2109","targetHints":{"allow":["GET"]}}],"collection":[{"href":"https:\/\/dulceselsombreron.com\/nuevo\/wp-json\/wp\/v2\/product"}],"about":[{"href":"https:\/\/dulceselsombreron.com\/nuevo\/wp-json\/wp\/v2\/types\/product"}],"wp:featuredmedia":[{"embeddable":true,"href":"https:\/\/dulceselsombreron.com\/nuevo\/wp-json\/wp\/v2\/media\/2108"}],"wp:attachment":[{"href":"https:\/\/dulceselsombreron.com\/nuevo\/wp-json\/wp\/v2\/media?parent=2109"}],"wp:term":[{"taxonomy":"product_brand","embeddable":true,"href":"https:\/\/dulceselsombreron.com\/nuevo\/wp-json\/wp\/v2\/product_brand?post=2109"},{"taxonomy":"product_cat","embeddable":true,"href":"https:\/\/dulceselsombreron.com\/nuevo\/wp-json\/wp\/v2\/product_cat?post=2109"},{"taxonomy":"product_tag","embeddable":true,"href":"https:\/\/dulceselsombreron.com\/nuevo\/wp-json\/wp\/v2\/product_tag?post=2109"}],"curies":[{"name":"wp","href":"https:\/\/api.w.org\/{rel}","templated":true}]}}