{"id":1248,"date":"2023-11-14T22:04:28","date_gmt":"2023-11-14T22:04:28","guid":{"rendered":"https:\/\/dulceselsombreron.com\/nuevo\/?post_type=product&#038;p=1248"},"modified":"2026-01-05T04:39:55","modified_gmt":"2026-01-05T04:39:55","slug":"las-flores","status":"publish","type":"product","link":"https:\/\/dulceselsombreron.com\/nuevo\/tienda\/las-flores\/","title":{"rendered":"Flores y Dulzura de Guatemala"},"content":{"rendered":"","protected":false},"excerpt":{"rendered":"<p>Caja de dulces tama\u00f1o boquita con mazap\u00e1n de almendra, bolita de leche, colocho de guayaba, caf\u00e9 con leche, naranjita, tamarindo, encanelado de leche y coco, bolita con canela y flores de dulce de leche.<\/p>\n","protected":false},"featured_media":1751,"template":"","meta":{"nf_dc_page":""},"product_brand":[],"product_cat":[90],"product_tag":[],"class_list":{"0":"post-1248","1":"product","2":"type-product","3":"status-publish","4":"has-post-thumbnail","6":"product_cat-especiales","8":"first","9":"instock","10":"taxable","11":"shipping-taxable","12":"purchasable","13":"product-type-simple"},"jetpack_sharing_enabled":true,"_links":{"self":[{"href":"https:\/\/dulceselsombreron.com\/nuevo\/wp-json\/wp\/v2\/product\/1248","targetHints":{"allow":["GET"]}}],"collection":[{"href":"https:\/\/dulceselsombreron.com\/nuevo\/wp-json\/wp\/v2\/product"}],"about":[{"href":"https:\/\/dulceselsombreron.com\/nuevo\/wp-json\/wp\/v2\/types\/product"}],"wp:featuredmedia":[{"embeddable":true,"href":"https:\/\/dulceselsombreron.com\/nuevo\/wp-json\/wp\/v2\/media\/1751"}],"wp:attachment":[{"href":"https:\/\/dulceselsombreron.com\/nuevo\/wp-json\/wp\/v2\/media?parent=1248"}],"wp:term":[{"taxonomy":"product_brand","embeddable":true,"href":"https:\/\/dulceselsombreron.com\/nuevo\/wp-json\/wp\/v2\/product_brand?post=1248"},{"taxonomy":"product_cat","embeddable":true,"href":"https:\/\/dulceselsombreron.com\/nuevo\/wp-json\/wp\/v2\/product_cat?post=1248"},{"taxonomy":"product_tag","embeddable":true,"href":"https:\/\/dulceselsombreron.com\/nuevo\/wp-json\/wp\/v2\/product_tag?post=1248"}],"curies":[{"name":"wp","href":"https:\/\/api.w.org\/{rel}","templated":true}]}}