{"id":1128,"date":"2023-10-12T21:45:33","date_gmt":"2023-10-12T21:45:33","guid":{"rendered":"https:\/\/dulceselsombreron.com\/nuevo\/?post_type=product&#038;p=1128"},"modified":"2026-03-19T20:21:54","modified_gmt":"2026-03-19T20:21:54","slug":"caja-ilustrada","status":"publish","type":"product","link":"https:\/\/dulceselsombreron.com\/nuevo\/tienda\/caja-ilustrada\/","title":{"rendered":"Flor de Az\u00facar Chap\u00edn"},"content":{"rendered":"<p>Cajita surtida con: tamarindo, guayaba, coco y dulce de leche. La combinaci\u00f3n perfecta de los dulces m\u00e1s tradicionales.<\/p>\n","protected":false},"excerpt":{"rendered":"<p>Cajita surtida con: tamarindo, guayaba, coco y dulce de leche. La combinaci\u00f3n perfecta de los dulces m\u00e1s tradicionales.<\/p>\n","protected":false},"featured_media":1682,"template":"","meta":{"nf_dc_page":""},"product_brand":[],"product_cat":[102,90,101],"product_tag":[],"class_list":{"0":"post-1128","1":"product","2":"type-product","3":"status-publish","4":"has-post-thumbnail","6":"product_cat-colores","7":"product_cat-especiales","8":"product_cat-nuevo","10":"first","11":"instock","12":"taxable","13":"shipping-taxable","14":"purchasable","15":"product-type-simple"},"jetpack_sharing_enabled":true,"_links":{"self":[{"href":"https:\/\/dulceselsombreron.com\/nuevo\/wp-json\/wp\/v2\/product\/1128","targetHints":{"allow":["GET"]}}],"collection":[{"href":"https:\/\/dulceselsombreron.com\/nuevo\/wp-json\/wp\/v2\/product"}],"about":[{"href":"https:\/\/dulceselsombreron.com\/nuevo\/wp-json\/wp\/v2\/types\/product"}],"wp:featuredmedia":[{"embeddable":true,"href":"https:\/\/dulceselsombreron.com\/nuevo\/wp-json\/wp\/v2\/media\/1682"}],"wp:attachment":[{"href":"https:\/\/dulceselsombreron.com\/nuevo\/wp-json\/wp\/v2\/media?parent=1128"}],"wp:term":[{"taxonomy":"product_brand","embeddable":true,"href":"https:\/\/dulceselsombreron.com\/nuevo\/wp-json\/wp\/v2\/product_brand?post=1128"},{"taxonomy":"product_cat","embeddable":true,"href":"https:\/\/dulceselsombreron.com\/nuevo\/wp-json\/wp\/v2\/product_cat?post=1128"},{"taxonomy":"product_tag","embeddable":true,"href":"https:\/\/dulceselsombreron.com\/nuevo\/wp-json\/wp\/v2\/product_tag?post=1128"}],"curies":[{"name":"wp","href":"https:\/\/api.w.org\/{rel}","templated":true}]}}