{"id":83,"date":"2020-04-02T17:51:40","date_gmt":"2020-04-02T17:51:40","guid":{"rendered":"https:\/\/dulceselsombreron.com\/nuevo\/?page_id=83"},"modified":"2024-01-31T13:28:28","modified_gmt":"2024-01-31T13:28:28","slug":"leyenda","status":"publish","type":"page","link":"https:\/\/dulceselsombreron.com\/nuevo\/leyenda\/","title":{"rendered":"Leyenda"},"content":{"rendered":"\n<p class=\"\">El Sombrer\u00f3n es una de las leyendas m\u00e1s difundidas en Guatemala. Aparece en toda la Rep\u00fablica. Tambi\u00e9n se le conoce con el nombre de Duende.<\/p>\n\n\n\n<blockquote class=\"is-style-large wp-block-quote has-text-align-center is-layout-flow wp-block-quote-is-layout-flow\">\n<p class=\"\">El Sombrer\u00f3n representa para el guatemalteco la eternidad y la concreci\u00f3n del amor ideal que nunca alcanza.<\/p>\n<\/blockquote>\n\n\n\n<p class=\"\">\n<\/p>\n\n\n\n<p class=\"has-text-align-justify\">El Sombrer\u00f3n tiene perfilada en todo el pa\u00eds la misma imagen: un hombre muy peque\u00f1o, vestido de negro, usa botas, y lo cubre un gran sombrero de alas anchas. El Sombrer\u00f3n se enamora de las mujeres de pelo largo y ojos grandes, les canta canciones acompa\u00f1adas con su guitarra de plata.<\/p>\n\n\n\n<p class=\"\"><\/p>\n\n\n\n<p class=\"has-text-align-justify\">Con la conquista espa\u00f1ola y al darse el mestizaje con las distintas culturas existentes en Guatemala, cada regi\u00f3n del pa\u00eds aport\u00f3 lo suyo para poder ofrecer variadas formas de platos dulces y salados. La Antigua Guatemala jug\u00f3 un papel de primer ordenen el nacimiento de una nueva expresi\u00f3n culinaria como es el dulce tradicional antig\u00fce\u00f1o; que con el correr de los siglos se ha convertido en parte de la identidad guatemalteca.<\/p>\n\n\n\n<p class=\"\"><\/p>\n\n\n\n<p class=\"has-text-align-justify\"><em>Una noche, El Sombrer\u00f3n caminaba en un barrio de La Antigua Guatemala cuando vio a una muchacha muy bella con pelo largo y se enamor\u00f3 de ella. Busc\u00f3 su casa y le dio serenata una y otra noche, pero ella no le dijo nada a sus padres sobre \u00e9l. Un d\u00eda empez\u00f3 a dejar de comer hasta el punto de que casi muri\u00f3, y fue entonces cuando la madre se dio cuenta que era por El Sombrer\u00f3n. Llev\u00f3 a su hija a un convento creyendo que ah\u00ed iba a estar mejor, pero la ni\u00f1a sigui\u00f3 sin comer y un d\u00eda despert\u00f3 con una trenza en su pelo hecha por el espectro y ese d\u00eda muri\u00f3. Luego en el velorio, apareci\u00f3 El Sombrer\u00f3n llorando y sus l\u00e1grimas eran como cristales. Jam\u00e1s olvida a las muchachas que ha amado. Tambi\u00e9n se cuenta que les hace trenzas a los caballos y mulas&#8230;<\/em><\/p>\n\n\n\n<p class=\"has-text-align-justify\"><em>Se cuenta tambi\u00e9n que este espanto a parte de enamorar a muchachas j\u00f3venes, gusta por cabalgar mulas y caballos de los establos de las fincas en las noches agot\u00e1ndolos. Por ello, las bestias durante el d\u00eda no cumplen las tareas, sumado a que se vuelven hostiles con las personas, los campesinos y finqueros al ver este comportamiento buscan si el Sombrer\u00f3n no les ha hecho trenzas en la gre\u00f1as. Si es as\u00ed, el animal ya no sirve para tareas&#8230; Una forma de saber si el Sombrer\u00f3n est\u00e1 haciendo de las suyas en fincas y casas, es colocar ya sea cerca de un balc\u00f3n de casa o cerca de los establos una silla y mesa de pino reci\u00e9n elaboradas, junto a aguardiente y una guitarra en noche de luna y deben guardar silencio todas las personas, s\u00f3lo as\u00ed se escuchar\u00e1 la guitarra y los cantos del Sombrer\u00f3n.<\/em><\/p>\n\n\n\n<p class=\"has-text-align-justify\"><em>Al Sombrer\u00f3n le atraen las muchachas de pelo largo y ojos grandes, por ello, cuando se sospecha que est\u00e1 tras una joven se le debe cortar el pelo a esta para que el Sombrer\u00f3n no se gane el alma de la joven.<\/em><\/p>\n\n\n\n<p class=\"\"><\/p>\n\n\n\n<figure class=\"is-style-default wp-block-image size-full\"><img data-recalc-dims=\"1\" loading=\"lazy\" decoding=\"async\" width=\"854\" height=\"1246\" data-attachment-id=\"1206\" data-permalink=\"https:\/\/dulceselsombreron.com\/nuevo\/leyenda\/web\/\" data-orig-file=\"https:\/\/i0.wp.com\/dulceselsombreron.com\/nuevo\/wp-content\/uploads\/2023\/10\/caja-de-el-sombreron-01.jpg?fit=854%2C1246&amp;ssl=1\" data-orig-size=\"854,1246\" data-comments-opened=\"0\" data-image-meta=\"{&quot;aperture&quot;:&quot;0&quot;,&quot;credit&quot;:&quot;&quot;,&quot;camera&quot;:&quot;&quot;,&quot;caption&quot;:&quot;Web&quot;,&quot;created_timestamp&quot;:&quot;1658218711&quot;,&quot;copyright&quot;:&quot;&quot;,&quot;focal_length&quot;:&quot;0&quot;,&quot;iso&quot;:&quot;0&quot;,&quot;shutter_speed&quot;:&quot;0&quot;,&quot;title&quot;:&quot;Web&quot;,&quot;orientation&quot;:&quot;0&quot;}\" data-image-title=\"Web\" data-image-description=\"\" data-image-caption=\"&lt;p&gt;Web&lt;\/p&gt;\n\" data-large-file=\"https:\/\/i0.wp.com\/dulceselsombreron.com\/nuevo\/wp-content\/uploads\/2023\/10\/caja-de-el-sombreron-01.jpg?fit=702%2C1024&amp;ssl=1\" src=\"https:\/\/i0.wp.com\/dulceselsombreron.com\/nuevo\/wp-content\/uploads\/2023\/10\/caja-de-el-sombreron-01.jpg?resize=854%2C1246&#038;ssl=1\" alt=\"\" class=\"wp-image-1206\" srcset=\"https:\/\/i0.wp.com\/dulceselsombreron.com\/nuevo\/wp-content\/uploads\/2023\/10\/caja-de-el-sombreron-01.jpg?w=854&amp;ssl=1 854w, https:\/\/i0.wp.com\/dulceselsombreron.com\/nuevo\/wp-content\/uploads\/2023\/10\/caja-de-el-sombreron-01.jpg?resize=206%2C300&amp;ssl=1 206w, https:\/\/i0.wp.com\/dulceselsombreron.com\/nuevo\/wp-content\/uploads\/2023\/10\/caja-de-el-sombreron-01.jpg?resize=702%2C1024&amp;ssl=1 702w, https:\/\/i0.wp.com\/dulceselsombreron.com\/nuevo\/wp-content\/uploads\/2023\/10\/caja-de-el-sombreron-01.jpg?resize=768%2C1121&amp;ssl=1 768w, https:\/\/i0.wp.com\/dulceselsombreron.com\/nuevo\/wp-content\/uploads\/2023\/10\/caja-de-el-sombreron-01.jpg?resize=600%2C875&amp;ssl=1 600w\" sizes=\"auto, (max-width: 854px) 100vw, 854px\" \/><\/figure>\n","protected":false},"excerpt":{"rendered":"<p>El Sombrer\u00f3n es una de las leyendas m\u00e1s difundidas en Guatemala. Aparece en toda la Rep\u00fablica. Tambi\u00e9n se le conoce con el nombre de Duende. El Sombrer\u00f3n representa para el guatemalteco la eternidad y la concreci\u00f3n del amor ideal que nunca alcanza. El Sombrer\u00f3n tiene perfilada en todo el pa\u00eds la misma imagen: un hombre<\/p>\n","protected":false},"author":2,"featured_media":0,"parent":0,"menu_order":0,"comment_status":"closed","ping_status":"closed","template":"","meta":{"nf_dc_page":"","footnotes":""},"class_list":["post-83","page","type-page","status-publish","hentry"],"jetpack_sharing_enabled":true,"_links":{"self":[{"href":"https:\/\/dulceselsombreron.com\/nuevo\/wp-json\/wp\/v2\/pages\/83","targetHints":{"allow":["GET"]}}],"collection":[{"href":"https:\/\/dulceselsombreron.com\/nuevo\/wp-json\/wp\/v2\/pages"}],"about":[{"href":"https:\/\/dulceselsombreron.com\/nuevo\/wp-json\/wp\/v2\/types\/page"}],"author":[{"embeddable":true,"href":"https:\/\/dulceselsombreron.com\/nuevo\/wp-json\/wp\/v2\/users\/2"}],"replies":[{"embeddable":true,"href":"https:\/\/dulceselsombreron.com\/nuevo\/wp-json\/wp\/v2\/comments?post=83"}],"version-history":[{"count":5,"href":"https:\/\/dulceselsombreron.com\/nuevo\/wp-json\/wp\/v2\/pages\/83\/revisions"}],"predecessor-version":[{"id":2512,"href":"https:\/\/dulceselsombreron.com\/nuevo\/wp-json\/wp\/v2\/pages\/83\/revisions\/2512"}],"wp:attachment":[{"href":"https:\/\/dulceselsombreron.com\/nuevo\/wp-json\/wp\/v2\/media?parent=83"}],"curies":[{"name":"wp","href":"https:\/\/api.w.org\/{rel}","templated":true}]}}