{"id":659,"date":"2020-11-08T14:39:22","date_gmt":"2020-11-08T14:39:22","guid":{"rendered":"https:\/\/dulceselsombreron.com\/nuevo\/?page_id=659"},"modified":"2023-10-18T15:53:14","modified_gmt":"2023-10-18T15:53:14","slug":"contactanos","status":"publish","type":"page","link":"https:\/\/dulceselsombreron.com\/nuevo\/contactanos\/","title":{"rendered":"EVENTOS"},"content":{"rendered":"\n<p>\u00a1DULCE CELEBRACION: UN EVENTO DE SABOR Y TRADICI\u00d3N!<\/p>\n\n\n\n<p> \u00a1Prep\u00e1rate para un viaje de sabores que te transportar\u00e1 a tu infancia! donde<br>la nostalgia se combina con el dulce sabor de la tradici\u00f3n.<br>Es por eso que queremos ayudarte con tu evento cuidando cada uno de los<br>detalles. Donde procuramos brindarte atenci\u00f3n personalizada, velando en<br>todo momento por la calidad del servicio y nuestros dulces.<\/p>\n\n\n\n<p>D\u00e9janos formar parte de ese d\u00eda especial, y as\u00ed podamos crear un evento<br>memorable a trav\u00e9s del paladar.<\/p>\n\n\n\n<div class=\"wp-block-group alignfull nfd-container nfd-my-0 nfd-px-md nfd-py-stack has-black-color has-white-background-color has-text-color has-background\"><div class=\"wp-block-group__inner-container is-layout-flow wp-block-group-is-layout-flow\">\n<figure class=\"wp-block-gallery has-nested-images columns-4 is-cropped wp-block-gallery-1 is-layout-flex wp-block-gallery-is-layout-flex\">\n<figure class=\"wp-block-image size-large nfd-mt-8 md:nfd-my-0 is-style-default\"><img data-recalc-dims=\"1\" loading=\"lazy\" decoding=\"async\" width=\"576\" height=\"1024\" data-attachment-id=\"1219\" data-permalink=\"https:\/\/dulceselsombreron.com\/nuevo\/contactanos\/attachment\/7\/\" data-orig-file=\"https:\/\/i0.wp.com\/dulceselsombreron.com\/nuevo\/wp-content\/uploads\/2023\/10\/7.png?fit=1080%2C1920&amp;ssl=1\" data-orig-size=\"1080,1920\" data-comments-opened=\"0\" data-image-meta=\"{&quot;aperture&quot;:&quot;0&quot;,&quot;credit&quot;:&quot;&quot;,&quot;camera&quot;:&quot;&quot;,&quot;caption&quot;:&quot;&quot;,&quot;created_timestamp&quot;:&quot;0&quot;,&quot;copyright&quot;:&quot;&quot;,&quot;focal_length&quot;:&quot;0&quot;,&quot;iso&quot;:&quot;0&quot;,&quot;shutter_speed&quot;:&quot;0&quot;,&quot;title&quot;:&quot;&quot;,&quot;orientation&quot;:&quot;0&quot;}\" data-image-title=\"7\" data-image-description=\"\" data-image-caption=\"\" data-large-file=\"https:\/\/i0.wp.com\/dulceselsombreron.com\/nuevo\/wp-content\/uploads\/2023\/10\/7.png?fit=576%2C1024&amp;ssl=1\" data-id=\"1219\" src=\"https:\/\/i0.wp.com\/dulceselsombreron.com\/nuevo\/wp-content\/uploads\/2023\/10\/7.png?resize=576%2C1024&#038;ssl=1\" alt=\"\" class=\"wp-image-1219\" style=\"aspect-ratio:3\/4;object-fit:cover\" srcset=\"https:\/\/i0.wp.com\/dulceselsombreron.com\/nuevo\/wp-content\/uploads\/2023\/10\/7.png?resize=576%2C1024&amp;ssl=1 576w, https:\/\/i0.wp.com\/dulceselsombreron.com\/nuevo\/wp-content\/uploads\/2023\/10\/7.png?resize=169%2C300&amp;ssl=1 169w, https:\/\/i0.wp.com\/dulceselsombreron.com\/nuevo\/wp-content\/uploads\/2023\/10\/7.png?resize=768%2C1365&amp;ssl=1 768w, https:\/\/i0.wp.com\/dulceselsombreron.com\/nuevo\/wp-content\/uploads\/2023\/10\/7.png?resize=864%2C1536&amp;ssl=1 864w, https:\/\/i0.wp.com\/dulceselsombreron.com\/nuevo\/wp-content\/uploads\/2023\/10\/7.png?resize=600%2C1067&amp;ssl=1 600w, https:\/\/i0.wp.com\/dulceselsombreron.com\/nuevo\/wp-content\/uploads\/2023\/10\/7.png?w=1080&amp;ssl=1 1080w\" sizes=\"auto, (max-width: 576px) 100vw, 576px\" \/><\/figure>\n\n\n\n<figure class=\"wp-block-image size-large nfd-mb-8 md:nfd-my-0\"><img data-recalc-dims=\"1\" loading=\"lazy\" decoding=\"async\" width=\"576\" height=\"1024\" data-attachment-id=\"1216\" data-permalink=\"https:\/\/dulceselsombreron.com\/nuevo\/contactanos\/attachment\/9\/\" data-orig-file=\"https:\/\/i0.wp.com\/dulceselsombreron.com\/nuevo\/wp-content\/uploads\/2023\/10\/9.png?fit=1080%2C1920&amp;ssl=1\" data-orig-size=\"1080,1920\" data-comments-opened=\"0\" data-image-meta=\"{&quot;aperture&quot;:&quot;0&quot;,&quot;credit&quot;:&quot;&quot;,&quot;camera&quot;:&quot;&quot;,&quot;caption&quot;:&quot;&quot;,&quot;created_timestamp&quot;:&quot;0&quot;,&quot;copyright&quot;:&quot;&quot;,&quot;focal_length&quot;:&quot;0&quot;,&quot;iso&quot;:&quot;0&quot;,&quot;shutter_speed&quot;:&quot;0&quot;,&quot;title&quot;:&quot;&quot;,&quot;orientation&quot;:&quot;0&quot;}\" data-image-title=\"9\" data-image-description=\"\" data-image-caption=\"\" data-large-file=\"https:\/\/i0.wp.com\/dulceselsombreron.com\/nuevo\/wp-content\/uploads\/2023\/10\/9.png?fit=576%2C1024&amp;ssl=1\" data-id=\"1216\" src=\"https:\/\/i0.wp.com\/dulceselsombreron.com\/nuevo\/wp-content\/uploads\/2023\/10\/9.png?resize=576%2C1024&#038;ssl=1\" alt=\"\" class=\"wp-image-1216\" style=\"aspect-ratio:3\/4;object-fit:cover\" srcset=\"https:\/\/i0.wp.com\/dulceselsombreron.com\/nuevo\/wp-content\/uploads\/2023\/10\/9.png?resize=576%2C1024&amp;ssl=1 576w, https:\/\/i0.wp.com\/dulceselsombreron.com\/nuevo\/wp-content\/uploads\/2023\/10\/9.png?resize=169%2C300&amp;ssl=1 169w, https:\/\/i0.wp.com\/dulceselsombreron.com\/nuevo\/wp-content\/uploads\/2023\/10\/9.png?resize=768%2C1365&amp;ssl=1 768w, https:\/\/i0.wp.com\/dulceselsombreron.com\/nuevo\/wp-content\/uploads\/2023\/10\/9.png?resize=864%2C1536&amp;ssl=1 864w, https:\/\/i0.wp.com\/dulceselsombreron.com\/nuevo\/wp-content\/uploads\/2023\/10\/9.png?resize=600%2C1067&amp;ssl=1 600w, https:\/\/i0.wp.com\/dulceselsombreron.com\/nuevo\/wp-content\/uploads\/2023\/10\/9.png?w=1080&amp;ssl=1 1080w\" sizes=\"auto, (max-width: 576px) 100vw, 576px\" \/><\/figure>\n\n\n\n<figure class=\"wp-block-image size-large nfd-mt-8 md:nfd-my-0 is-style-default\"><img data-recalc-dims=\"1\" loading=\"lazy\" decoding=\"async\" width=\"682\" height=\"1024\" data-attachment-id=\"989\" data-permalink=\"https:\/\/dulceselsombreron.com\/nuevo\/whatsapp-image-2022-10-27-at-8-44-43-pm-4\/\" data-orig-file=\"https:\/\/i0.wp.com\/dulceselsombreron.com\/nuevo\/wp-content\/uploads\/2023\/03\/WhatsApp-Image-2022-10-27-at-8.44.43-PM-4.jpeg?fit=853%2C1280&amp;ssl=1\" data-orig-size=\"853,1280\" data-comments-opened=\"0\" data-image-meta=\"{&quot;aperture&quot;:&quot;0&quot;,&quot;credit&quot;:&quot;&quot;,&quot;camera&quot;:&quot;&quot;,&quot;caption&quot;:&quot;&quot;,&quot;created_timestamp&quot;:&quot;0&quot;,&quot;copyright&quot;:&quot;&quot;,&quot;focal_length&quot;:&quot;0&quot;,&quot;iso&quot;:&quot;0&quot;,&quot;shutter_speed&quot;:&quot;0&quot;,&quot;title&quot;:&quot;&quot;,&quot;orientation&quot;:&quot;0&quot;}\" data-image-title=\"WhatsApp Image 2022-10-27 at 8.44.43 PM (4)\" data-image-description=\"\" data-image-caption=\"\" data-large-file=\"https:\/\/i0.wp.com\/dulceselsombreron.com\/nuevo\/wp-content\/uploads\/2023\/03\/WhatsApp-Image-2022-10-27-at-8.44.43-PM-4.jpeg?fit=682%2C1024&amp;ssl=1\" data-id=\"989\" src=\"https:\/\/i0.wp.com\/dulceselsombreron.com\/nuevo\/wp-content\/uploads\/2023\/03\/WhatsApp-Image-2022-10-27-at-8.44.43-PM-4.jpeg?resize=682%2C1024&#038;ssl=1\" alt=\"\" class=\"wp-image-989\" style=\"aspect-ratio:3\/4;object-fit:cover\" srcset=\"https:\/\/i0.wp.com\/dulceselsombreron.com\/nuevo\/wp-content\/uploads\/2023\/03\/WhatsApp-Image-2022-10-27-at-8.44.43-PM-4.jpeg?resize=682%2C1024&amp;ssl=1 682w, https:\/\/i0.wp.com\/dulceselsombreron.com\/nuevo\/wp-content\/uploads\/2023\/03\/WhatsApp-Image-2022-10-27-at-8.44.43-PM-4.jpeg?resize=200%2C300&amp;ssl=1 200w, https:\/\/i0.wp.com\/dulceselsombreron.com\/nuevo\/wp-content\/uploads\/2023\/03\/WhatsApp-Image-2022-10-27-at-8.44.43-PM-4.jpeg?resize=768%2C1152&amp;ssl=1 768w, https:\/\/i0.wp.com\/dulceselsombreron.com\/nuevo\/wp-content\/uploads\/2023\/03\/WhatsApp-Image-2022-10-27-at-8.44.43-PM-4.jpeg?resize=600%2C900&amp;ssl=1 600w, https:\/\/i0.wp.com\/dulceselsombreron.com\/nuevo\/wp-content\/uploads\/2023\/03\/WhatsApp-Image-2022-10-27-at-8.44.43-PM-4.jpeg?w=853&amp;ssl=1 853w\" sizes=\"auto, (max-width: 682px) 100vw, 682px\" \/><\/figure>\n\n\n\n<figure class=\"wp-block-image size-large nfd-mb-8 md:nfd-my-0\"><img data-recalc-dims=\"1\" loading=\"lazy\" decoding=\"async\" width=\"576\" height=\"1024\" data-attachment-id=\"1217\" data-permalink=\"https:\/\/dulceselsombreron.com\/nuevo\/contactanos\/attachment\/10\/\" data-orig-file=\"https:\/\/i0.wp.com\/dulceselsombreron.com\/nuevo\/wp-content\/uploads\/2023\/10\/10.png?fit=1080%2C1920&amp;ssl=1\" data-orig-size=\"1080,1920\" data-comments-opened=\"0\" data-image-meta=\"{&quot;aperture&quot;:&quot;0&quot;,&quot;credit&quot;:&quot;&quot;,&quot;camera&quot;:&quot;&quot;,&quot;caption&quot;:&quot;&quot;,&quot;created_timestamp&quot;:&quot;0&quot;,&quot;copyright&quot;:&quot;&quot;,&quot;focal_length&quot;:&quot;0&quot;,&quot;iso&quot;:&quot;0&quot;,&quot;shutter_speed&quot;:&quot;0&quot;,&quot;title&quot;:&quot;&quot;,&quot;orientation&quot;:&quot;0&quot;}\" data-image-title=\"10\" data-image-description=\"\" data-image-caption=\"\" data-large-file=\"https:\/\/i0.wp.com\/dulceselsombreron.com\/nuevo\/wp-content\/uploads\/2023\/10\/10.png?fit=576%2C1024&amp;ssl=1\" data-id=\"1217\" src=\"https:\/\/i0.wp.com\/dulceselsombreron.com\/nuevo\/wp-content\/uploads\/2023\/10\/10.png?resize=576%2C1024&#038;ssl=1\" alt=\"\" class=\"wp-image-1217\" style=\"aspect-ratio:3\/4;object-fit:cover\" srcset=\"https:\/\/i0.wp.com\/dulceselsombreron.com\/nuevo\/wp-content\/uploads\/2023\/10\/10.png?resize=576%2C1024&amp;ssl=1 576w, https:\/\/i0.wp.com\/dulceselsombreron.com\/nuevo\/wp-content\/uploads\/2023\/10\/10.png?resize=169%2C300&amp;ssl=1 169w, https:\/\/i0.wp.com\/dulceselsombreron.com\/nuevo\/wp-content\/uploads\/2023\/10\/10.png?resize=768%2C1365&amp;ssl=1 768w, https:\/\/i0.wp.com\/dulceselsombreron.com\/nuevo\/wp-content\/uploads\/2023\/10\/10.png?resize=864%2C1536&amp;ssl=1 864w, https:\/\/i0.wp.com\/dulceselsombreron.com\/nuevo\/wp-content\/uploads\/2023\/10\/10.png?resize=600%2C1067&amp;ssl=1 600w, https:\/\/i0.wp.com\/dulceselsombreron.com\/nuevo\/wp-content\/uploads\/2023\/10\/10.png?w=1080&amp;ssl=1 1080w\" sizes=\"auto, (max-width: 576px) 100vw, 576px\" \/><\/figure>\n<\/figure>\n<\/div><\/div>\n\n\n\n<hr class=\"wp-block-separator has-alpha-channel-opacity\"\/>\n\n\n\n<div class=\"wp-block-contact-form-7-contact-form-selector\">\n<div class=\"wpcf7 no-js\" id=\"wpcf7-f658-o1\" lang=\"es-MX\" dir=\"ltr\" data-wpcf7-id=\"658\">\n<div class=\"screen-reader-response\"><p role=\"status\" aria-live=\"polite\" aria-atomic=\"true\"><\/p> <ul><\/ul><\/div>\n<form action=\"\/nuevo\/wp-json\/wp\/v2\/pages\/659#wpcf7-f658-o1\" method=\"post\" class=\"wpcf7-form init\" aria-label=\"Formulario de contacto\" novalidate=\"novalidate\" data-status=\"init\">\n<fieldset class=\"hidden-fields-container\"><input type=\"hidden\" name=\"_wpcf7\" value=\"658\" \/><input type=\"hidden\" name=\"_wpcf7_version\" value=\"6.1.5\" \/><input type=\"hidden\" name=\"_wpcf7_locale\" value=\"es_MX\" \/><input type=\"hidden\" name=\"_wpcf7_unit_tag\" value=\"wpcf7-f658-o1\" \/><input type=\"hidden\" name=\"_wpcf7_container_post\" value=\"0\" \/><input type=\"hidden\" name=\"_wpcf7_posted_data_hash\" value=\"\" \/><input type=\"hidden\" name=\"_wpcf7_recaptcha_response\" value=\"\" \/>\n<\/fieldset>\n<p><label> Nombre Completo<br \/>\n<span class=\"wpcf7-form-control-wrap\" data-name=\"your-name\"><input size=\"40\" maxlength=\"400\" class=\"wpcf7-form-control wpcf7-text wpcf7-validates-as-required\" aria-required=\"true\" aria-invalid=\"false\" value=\"\" type=\"text\" name=\"your-name\" \/><\/span> <\/label>\n<\/p>\n<p><label> Correo electr\u00f3nico<br \/>\n<span class=\"wpcf7-form-control-wrap\" data-name=\"your-email\"><input size=\"40\" maxlength=\"400\" class=\"wpcf7-form-control wpcf7-email wpcf7-validates-as-required wpcf7-text wpcf7-validates-as-email\" aria-required=\"true\" aria-invalid=\"false\" value=\"\" type=\"email\" name=\"your-email\" \/><\/span> <\/label>\n<\/p>\n<p><label> Telefono<br \/>\n<span class=\"wpcf7-form-control-wrap\" data-name=\"Telefono\"><input size=\"40\" maxlength=\"400\" class=\"wpcf7-form-control wpcf7-tel wpcf7-validates-as-required wpcf7-text wpcf7-validates-as-tel\" id=\"Tel\" aria-required=\"true\" aria-invalid=\"false\" placeholder=\"Celular o Linea Fija\" value=\"\" type=\"tel\" name=\"Telefono\" \/><\/span> <\/label>\n<\/p>\n<p><label>Tu Evento <\/label><br \/>\n<span class=\"wpcf7-form-control-wrap\" data-name=\"Eventos\"><span class=\"wpcf7-form-control wpcf7-radio\"><span class=\"wpcf7-list-item first\"><label><input type=\"radio\" name=\"Eventos\" value=\"Boda\" checked=\"checked\" \/><span class=\"wpcf7-list-item-label\">Boda<\/span><\/label><\/span><span class=\"wpcf7-list-item\"><label><input type=\"radio\" name=\"Eventos\" value=\"Bautizo\" \/><span class=\"wpcf7-list-item-label\">Bautizo<\/span><\/label><\/span><span class=\"wpcf7-list-item\"><label><input type=\"radio\" name=\"Eventos\" value=\"Primera Comuni\u00f3n\" \/><span class=\"wpcf7-list-item-label\">Primera Comuni\u00f3n<\/span><\/label><\/span><span class=\"wpcf7-list-item\"><label><input type=\"radio\" name=\"Eventos\" value=\"Corporativo\" \/><span class=\"wpcf7-list-item-label\">Corporativo<\/span><\/label><\/span><span class=\"wpcf7-list-item last\"><label><input type=\"radio\" name=\"Eventos\" value=\"Otro\" \/><span class=\"wpcf7-list-item-label\">Otro<\/span><\/label><\/span><\/span><\/span>\n<\/p>\n<p><label>Cantidad<\/label><br \/>\n<span class=\"wpcf7-form-control-wrap\" data-name=\"cantidad\"><span class=\"wpcf7-form-control wpcf7-radio\"><span class=\"wpcf7-list-item first\"><label><input type=\"radio\" name=\"cantidad\" value=\"200-300\" checked=\"checked\" \/><span class=\"wpcf7-list-item-label\">200-300<\/span><\/label><\/span><span class=\"wpcf7-list-item\"><label><input type=\"radio\" name=\"cantidad\" value=\"301-400\" \/><span class=\"wpcf7-list-item-label\">301-400<\/span><\/label><\/span><span class=\"wpcf7-list-item\"><label><input type=\"radio\" name=\"cantidad\" value=\"401-500\" \/><span class=\"wpcf7-list-item-label\">401-500<\/span><\/label><\/span><span class=\"wpcf7-list-item last\"><label><input type=\"radio\" name=\"cantidad\" value=\"&gt;501\" \/><span class=\"wpcf7-list-item-label\">&gt;501<\/span><\/label><\/span><\/span><\/span>\n<\/p>\n<p><label> Comentarios<br \/>\n<span class=\"wpcf7-form-control-wrap\" data-name=\"your-message\"><textarea cols=\"40\" rows=\"10\" maxlength=\"2000\" class=\"wpcf7-form-control wpcf7-textarea\" aria-invalid=\"false\" name=\"your-message\"><\/textarea><\/span> <\/label>\n<\/p>\n<p><input class=\"wpcf7-form-control wpcf7-submit has-spinner\" type=\"submit\" value=\"Enviar\" \/>\n<\/p><div class=\"wpcf7-response-output\" aria-hidden=\"true\"><\/div>\n<\/form>\n<\/div>\n<\/div>\n","protected":false},"excerpt":{"rendered":"<p>\u00a1DULCE CELEBRACION: UN EVENTO DE SABOR Y TRADICI\u00d3N! \u00a1Prep\u00e1rate para un viaje de sabores que te transportar\u00e1 a tu infancia! dondela nostalgia se combina con el dulce sabor de la tradici\u00f3n.Es por eso que queremos ayudarte con tu evento cuidando cada uno de losdetalles. Donde procuramos brindarte atenci\u00f3n personalizada, velando entodo momento por la calidad<\/p>\n","protected":false},"author":1,"featured_media":0,"parent":0,"menu_order":0,"comment_status":"closed","ping_status":"closed","template":"","meta":{"nf_dc_page":"","footnotes":""},"class_list":["post-659","page","type-page","status-publish","hentry"],"jetpack_sharing_enabled":true,"_links":{"self":[{"href":"https:\/\/dulceselsombreron.com\/nuevo\/wp-json\/wp\/v2\/pages\/659","targetHints":{"allow":["GET"]}}],"collection":[{"href":"https:\/\/dulceselsombreron.com\/nuevo\/wp-json\/wp\/v2\/pages"}],"about":[{"href":"https:\/\/dulceselsombreron.com\/nuevo\/wp-json\/wp\/v2\/types\/page"}],"author":[{"embeddable":true,"href":"https:\/\/dulceselsombreron.com\/nuevo\/wp-json\/wp\/v2\/users\/1"}],"replies":[{"embeddable":true,"href":"https:\/\/dulceselsombreron.com\/nuevo\/wp-json\/wp\/v2\/comments?post=659"}],"version-history":[{"count":6,"href":"https:\/\/dulceselsombreron.com\/nuevo\/wp-json\/wp\/v2\/pages\/659\/revisions"}],"predecessor-version":[{"id":2401,"href":"https:\/\/dulceselsombreron.com\/nuevo\/wp-json\/wp\/v2\/pages\/659\/revisions\/2401"}],"wp:attachment":[{"href":"https:\/\/dulceselsombreron.com\/nuevo\/wp-json\/wp\/v2\/media?parent=659"}],"curies":[{"name":"wp","href":"https:\/\/api.w.org\/{rel}","templated":true}]}}