{"id":11,"date":"2020-03-29T21:03:14","date_gmt":"2020-03-29T21:03:14","guid":{"rendered":"https:\/\/dulceselsombreron.com\/nuevo\/?page_id=11"},"modified":"2024-05-13T21:57:24","modified_gmt":"2024-05-13T21:57:24","slug":"quienes-somos","status":"publish","type":"page","link":"https:\/\/dulceselsombreron.com\/nuevo\/quienes-somos\/","title":{"rendered":"\u00bfQui\u00e9nes somos?"},"content":{"rendered":"\n<!--nextpage-->\n\n\n\n<p><\/p>\n\n\n\n<p class=\"has-text-align-justify\">Somos una empresa que se preocup\u00f3 por conservar lo que es una gran parte la gastronom\u00eda guatemalteca, los dulces tradicionales antig\u00fce\u00f1os, es por eso que con el transcurso de los a\u00f1os se han ido rescatando cada una de las recetas de estos mismos.<\/p>\n\n\n\n<p class=\"has-text-align-justify\">Actualmente nos dedicamos a la elaboraci\u00f3n del dulce tradicional antig\u00fce\u00f1o, cada uno de nuestros dulces son trabajados artesanalmente y es as\u00ed como aseguramos de dar productos que han sido trabajados con mucha pasi\u00f3n y dedicaci\u00f3n.<\/p>\n\n\n\n<p>Al d\u00eda de hoy contamos con 2 sucursales en La Antigua Guatemala, distribuimos en algunos supermercados de la Ciudad de Guatemala y adem\u00e1s contamos con servicio a domicilio.<\/p>\n\n\n\n<div class=\"wp-block-image\"><figure class=\"aligncenter size-large\"><img data-recalc-dims=\"1\" loading=\"lazy\" decoding=\"async\" width=\"940\" height=\"788\" data-attachment-id=\"638\" data-permalink=\"https:\/\/dulceselsombreron.com\/nuevo\/quienes-somos\/diseno-sin-titulo-1\/\" data-orig-file=\"https:\/\/i0.wp.com\/dulceselsombreron.com\/nuevo\/wp-content\/uploads\/2020\/11\/Diseno-sin-titulo-1.png?fit=940%2C788&amp;ssl=1\" data-orig-size=\"940,788\" data-comments-opened=\"1\" data-image-meta=\"{&quot;aperture&quot;:&quot;0&quot;,&quot;credit&quot;:&quot;&quot;,&quot;camera&quot;:&quot;&quot;,&quot;caption&quot;:&quot;&quot;,&quot;created_timestamp&quot;:&quot;0&quot;,&quot;copyright&quot;:&quot;&quot;,&quot;focal_length&quot;:&quot;0&quot;,&quot;iso&quot;:&quot;0&quot;,&quot;shutter_speed&quot;:&quot;0&quot;,&quot;title&quot;:&quot;&quot;,&quot;orientation&quot;:&quot;0&quot;}\" data-image-title=\"Diseno-sin-titulo-1\" data-image-description=\"\" data-image-caption=\"\" data-large-file=\"https:\/\/i0.wp.com\/dulceselsombreron.com\/nuevo\/wp-content\/uploads\/2020\/11\/Diseno-sin-titulo-1.png?fit=940%2C788&amp;ssl=1\" src=\"https:\/\/i0.wp.com\/dulceselsombreron.com\/nuevo\/wp-content\/uploads\/2020\/11\/Diseno-sin-titulo-1.png?resize=940%2C788&#038;ssl=1\" alt=\"\" class=\"wp-image-638\" srcset=\"https:\/\/i0.wp.com\/dulceselsombreron.com\/nuevo\/wp-content\/uploads\/2020\/11\/Diseno-sin-titulo-1.png?w=940&amp;ssl=1 940w, https:\/\/i0.wp.com\/dulceselsombreron.com\/nuevo\/wp-content\/uploads\/2020\/11\/Diseno-sin-titulo-1.png?resize=300%2C251&amp;ssl=1 300w, https:\/\/i0.wp.com\/dulceselsombreron.com\/nuevo\/wp-content\/uploads\/2020\/11\/Diseno-sin-titulo-1.png?resize=768%2C644&amp;ssl=1 768w, https:\/\/i0.wp.com\/dulceselsombreron.com\/nuevo\/wp-content\/uploads\/2020\/11\/Diseno-sin-titulo-1.png?resize=600%2C503&amp;ssl=1 600w\" sizes=\"auto, (max-width: 940px) 100vw, 940px\" \/><\/figure><\/div>\n","protected":false},"excerpt":{"rendered":"<p>Somos una empresa que se preocup\u00f3 por conservar lo que es una gran parte la gastronom\u00eda guatemalteca, los dulces tradicionales antig\u00fce\u00f1os, es por eso que con el transcurso de los a\u00f1os se han ido rescatando cada una de las recetas de estos mismos. Actualmente nos dedicamos a la elaboraci\u00f3n del dulce tradicional antig\u00fce\u00f1o, cada uno<\/p>\n","protected":false},"author":1,"featured_media":0,"parent":0,"menu_order":0,"comment_status":"closed","ping_status":"closed","template":"","meta":{"nf_dc_page":"","footnotes":""},"class_list":["post-11","page","type-page","status-publish","hentry"],"jetpack_sharing_enabled":true,"_links":{"self":[{"href":"https:\/\/dulceselsombreron.com\/nuevo\/wp-json\/wp\/v2\/pages\/11","targetHints":{"allow":["GET"]}}],"collection":[{"href":"https:\/\/dulceselsombreron.com\/nuevo\/wp-json\/wp\/v2\/pages"}],"about":[{"href":"https:\/\/dulceselsombreron.com\/nuevo\/wp-json\/wp\/v2\/types\/page"}],"author":[{"embeddable":true,"href":"https:\/\/dulceselsombreron.com\/nuevo\/wp-json\/wp\/v2\/users\/1"}],"replies":[{"embeddable":true,"href":"https:\/\/dulceselsombreron.com\/nuevo\/wp-json\/wp\/v2\/comments?post=11"}],"version-history":[{"count":5,"href":"https:\/\/dulceselsombreron.com\/nuevo\/wp-json\/wp\/v2\/pages\/11\/revisions"}],"predecessor-version":[{"id":728,"href":"https:\/\/dulceselsombreron.com\/nuevo\/wp-json\/wp\/v2\/pages\/11\/revisions\/728"}],"wp:attachment":[{"href":"https:\/\/dulceselsombreron.com\/nuevo\/wp-json\/wp\/v2\/media?parent=11"}],"curies":[{"name":"wp","href":"https:\/\/api.w.org\/{rel}","templated":true}]}}